{"id":1826,"date":"2024-01-13T19:26:32","date_gmt":"2024-01-13T19:26:32","guid":{"rendered":"https:\/\/oficinadoarclimatizacao.com\/?page_id=1826"},"modified":"2024-01-26T07:13:50","modified_gmt":"2024-01-26T07:13:50","slug":"locacao","status":"publish","type":"page","link":"https:\/\/oficinadoarclimatizacao.com\/index.php\/locacao\/","title":{"rendered":"Loca\u00e7\u00e3o"},"content":{"rendered":"\t\t<div data-elementor-type=\"wp-page\" data-elementor-id=\"1826\" class=\"elementor elementor-1826\">\n\t\t\t\t<div class=\"elementor-element elementor-element-23410241 e-flex e-con-boxed wpr-particle-no wpr-jarallax-no wpr-parallax-no wpr-sticky-section-no e-con e-parent\" data-id=\"23410241\" data-element_type=\"container\">\n\t\t\t\t\t<div class=\"e-con-inner\">\n\t\t<div class=\"elementor-element elementor-element-619f4595 e-con-full e-flex wpr-particle-no wpr-jarallax-no wpr-parallax-no wpr-sticky-section-no e-con e-child\" data-id=\"619f4595\" data-element_type=\"container\">\n\t\t\t\t<div class=\"elementor-element elementor-element-7f136349 elementor-widget elementor-widget-heading\" data-id=\"7f136349\" data-element_type=\"widget\" data-widget_type=\"heading.default\">\n\t\t\t\t<div class=\"elementor-widget-container\">\n\t\t\t\t\t<h1 class=\"elementor-heading-title elementor-size-default\">Loca\u00e7\u00e3o<\/h1>\t\t\t\t<\/div>\n\t\t\t\t<\/div>\n\t\t\t\t<\/div>\n\t\t<div class=\"elementor-element elementor-element-3f0f3d7d e-con-full e-flex wpr-particle-no wpr-jarallax-no wpr-parallax-no wpr-sticky-section-no e-con e-child\" data-id=\"3f0f3d7d\" data-element_type=\"container\">\n\t\t\t\t<div class=\"elementor-element elementor-element-208c1786 elementor-widget elementor-widget-text-editor\" data-id=\"208c1786\" data-element_type=\"widget\" data-widget_type=\"text-editor.default\">\n\t\t\t\t<div class=\"elementor-widget-container\">\n\t\t\t\t\t\t\t\t\t<p>Atuamos nos mais diversos cen\u00e1rios de clientes com aluguel de condicionadores de ar, trazendo solu\u00e7\u00f5es de climatiza\u00e7\u00e3o com o melhor custo-benef\u00edcio do mercado.Por isso, apresentamos aqui <b>13 raz\u00f5es<\/b> e vantagens da loca\u00e7\u00e3o com a Oficina do Ar Climatiza\u00e7\u00e3o:<\/p><ol><li><strong>Zero<\/strong> custo de aquisi\u00e7\u00e3o do equipamento.<\/li><li><strong>Zero<\/strong> custo com as manuten\u00e7\u00f5es preventivas e corretivas, pois j\u00e1 est\u00e3o inclusas dentro do <strong>PMOC<\/strong> devidamente assinado por t\u00e9cnico respons\u00e1vel com registro ativo. Sendo assim, o valor pago mensal j\u00e1 inclui o contrato de manuten\u00e7\u00e3o.<\/li><li>N\u00e3o h\u00e1 custo com pe\u00e7as e m\u00e3o de obra.<\/li><li>Sem burocracia para a aprova\u00e7\u00e3o.<\/li><li>Atendimentos urgentes aos chamados em <b>at\u00e9 24 horas<\/b>.<\/li><li>Esque\u00e7a passar dias no calor aguardando os processos burocr\u00e1ticos administrativos do modelo antigo (sem loca\u00e7\u00e3o): a m\u00e1quina quebrou. Precisa abrir chamado com uma empresa, aguardar atender, gerar or\u00e7amento, mandar para gestores aprovar, pedir pe\u00e7as e esperar chegar, \u00e0s vezes v\u00eam de outro estado ou munic\u00edpio, tempo de execu\u00e7\u00e3o do servi\u00e7o e tendo que pagar o contrato de manuten\u00e7\u00e3o mensal, fora as corretivas.<\/li><li>N\u00e3o h\u00e1 desgaste nem sofrimento com o desgaste do equipamento de propriedade do cliente, que pode ser pessoa f\u00edsica ou jur\u00eddica, principalmente em regi\u00f5es salitradas onde a salinidade (que, por sinal, a cidade de Salvador possui um dos maiores \u00edndices de salinidade do planeta) faz com que as serpentinas, pe\u00e7as met\u00e1licas e placas eletr\u00f4nicas se deteriorem e corroam em menos de 1 ano.<\/li><li>Economia de energia, pois a sujeira faz o equipamento aumentar consideravelmente o consumo de energia, principalmente se a sujeira estiver nas serpentinas. Foi cientificamente provado que mil\u00edmetros de sujeira criam resist\u00eancia \u00e0 efici\u00eancia do equipamento, bem como aumento consider\u00e1vel no consumo de energia.<\/li><li><strong>Zero<\/strong> custo de instala\u00e7\u00e3o caso haja tubula\u00e7\u00f5es preexistentes e onde n\u00e3o fa\u00e7a necess\u00e1rio o uso de material.<\/li><li>O prazer de ter um atendimento de excel\u00eancia com quem \u00e9 especialista no que faz, forma t\u00e9cnicos para o mercado e um corpo t\u00e9cnico e administrativo de n\u00edvel elevad\u00edssimo, no padr\u00e3o da Oficina do Ar, qualidade em <strong>1\u00b0 lugar<\/strong> , pois sabemos de onde viemos, quem somos e onde queremos chegar!<\/li><li>Evita riscos de obsolesc\u00eancia tecnol\u00f3gica, uma vez que operamos com m\u00e1quinas modernas e atualizadas, bem como os fluidos refrigerantes de acordo com a legisla\u00e7\u00e3o vigente.<\/li><li>Atendimento <strong>6 dias por semana<\/strong>, incluindo domingos e feriados.<\/li><li>\u00c9 assist\u00eancia t\u00e9cnica autorizada da maior parte dos melhores fabricantes do mundo, facilitando o estoque de pe\u00e7as e mais qualidade nos servi\u00e7os, por sermos treinados anualmente por dentro de todas as atualiza\u00e7\u00f5es dos fabricantes.<\/li><\/ol>\t\t\t\t\t\t\t\t<\/div>\n\t\t\t\t<\/div>\n\t\t\t\t<div class=\"elementor-element elementor-element-6bfcc2d6 elementor-widget elementor-widget-text-editor\" data-id=\"6bfcc2d6\" data-element_type=\"widget\" data-widget_type=\"text-editor.default\">\n\t\t\t\t<div class=\"elementor-widget-container\">\n\t\t\t\t\t\t\t\t\t<p>Redigido por Diego Silva<\/p>\t\t\t\t\t\t\t\t<\/div>\n\t\t\t\t<\/div>\n\t\t\t\t<\/div>\n\t\t\t\t\t<\/div>\n\t\t\t\t<\/div>\n\t\t\t\t<\/div>\n\t\t","protected":false},"excerpt":{"rendered":"<p>Loca\u00e7\u00e3o Atuamos nos mais diversos cen\u00e1rios de clientes com aluguel de condicionadores de ar, trazendo solu\u00e7\u00f5es de climatiza\u00e7\u00e3o com o melhor custo-benef\u00edcio do mercado.Por isso, apresentamos aqui 13 raz\u00f5es e vantagens da loca\u00e7\u00e3o com a Oficina do Ar Climatiza\u00e7\u00e3o: Zero custo de aquisi\u00e7\u00e3o do equipamento. Zero custo com as manuten\u00e7\u00f5es preventivas e corretivas, pois j\u00e1 est\u00e3o inclusas dentro do PMOC devidamente assinado por t\u00e9cnico respons\u00e1vel com registro ativo. Sendo assim, o valor pago mensal j\u00e1 inclui o contrato de manuten\u00e7\u00e3o. N\u00e3o h\u00e1 custo com pe\u00e7as e m\u00e3o de obra. Sem burocracia para a aprova\u00e7\u00e3o. Atendimentos urgentes aos chamados em at\u00e9 24 horas. Esque\u00e7a passar dias no calor aguardando os processos burocr\u00e1ticos administrativos do modelo antigo (sem loca\u00e7\u00e3o): a m\u00e1quina quebrou. Precisa abrir chamado com uma empresa, aguardar atender, gerar or\u00e7amento, mandar para gestores aprovar, pedir pe\u00e7as e esperar chegar, \u00e0s vezes v\u00eam de outro estado ou munic\u00edpio, tempo de execu\u00e7\u00e3o do servi\u00e7o e tendo que pagar o contrato de manuten\u00e7\u00e3o mensal, fora as corretivas. N\u00e3o h\u00e1 desgaste nem sofrimento com o desgaste do equipamento de propriedade do cliente, que pode ser pessoa f\u00edsica ou jur\u00eddica, principalmente em regi\u00f5es salitradas onde a salinidade (que, por sinal, a cidade de Salvador possui um dos maiores \u00edndices de salinidade do planeta) faz com que as serpentinas, pe\u00e7as met\u00e1licas e placas eletr\u00f4nicas se deteriorem e corroam em menos de 1 ano. Economia de energia, pois a sujeira faz o equipamento aumentar consideravelmente o consumo de energia, principalmente se a sujeira estiver nas serpentinas. Foi cientificamente provado que mil\u00edmetros de sujeira criam resist\u00eancia \u00e0 efici\u00eancia do equipamento, bem como aumento consider\u00e1vel no consumo de energia. Zero custo de instala\u00e7\u00e3o caso haja tubula\u00e7\u00f5es preexistentes e onde n\u00e3o fa\u00e7a necess\u00e1rio o uso de material. O prazer de ter um atendimento de excel\u00eancia com quem \u00e9 especialista no que faz, forma t\u00e9cnicos para o mercado e um corpo t\u00e9cnico e administrativo de n\u00edvel elevad\u00edssimo, no padr\u00e3o da Oficina do Ar, qualidade em 1\u00b0 lugar , pois sabemos de onde viemos, quem somos e onde queremos chegar! Evita riscos de obsolesc\u00eancia tecnol\u00f3gica, uma vez que operamos com m\u00e1quinas modernas e atualizadas, bem como os fluidos refrigerantes de acordo com a legisla\u00e7\u00e3o vigente. Atendimento 6 dias por semana, incluindo domingos e feriados. \u00c9 assist\u00eancia t\u00e9cnica autorizada da maior parte dos melhores fabricantes do mundo, facilitando o estoque de pe\u00e7as e mais qualidade nos servi\u00e7os, por sermos treinados anualmente por dentro de todas as atualiza\u00e7\u00f5es dos fabricantes. Redigido por Diego Silva<\/p>\n","protected":false},"author":3,"featured_media":0,"parent":0,"menu_order":0,"comment_status":"closed","ping_status":"closed","template":"elementor_canvas","meta":{"footnotes":""},"class_list":["post-1826","page","type-page","status-publish","hentry"],"yoast_head":"<!-- This site is optimized with the Yoast SEO plugin v24.6 - https:\/\/yoast.com\/wordpress\/plugins\/seo\/ -->\n<title>Loca\u00e7\u00e3o - Oficina do Ar<\/title>\n<meta name=\"robots\" content=\"index, follow, max-snippet:-1, max-image-preview:large, max-video-preview:-1\" \/>\n<link rel=\"canonical\" href=\"https:\/\/oficinadoarclimatizacao.com\/index.php\/locacao\/\" \/>\n<meta property=\"og:locale\" content=\"pt_BR\" \/>\n<meta property=\"og:type\" content=\"article\" \/>\n<meta property=\"og:title\" content=\"Loca\u00e7\u00e3o - Oficina do Ar\" \/>\n<meta property=\"og:description\" content=\"Loca\u00e7\u00e3o Atuamos nos mais diversos cen\u00e1rios de clientes com aluguel de condicionadores de ar, trazendo solu\u00e7\u00f5es de climatiza\u00e7\u00e3o com o melhor custo-benef\u00edcio do mercado.Por isso, apresentamos aqui 13 raz\u00f5es e vantagens da loca\u00e7\u00e3o com a Oficina do Ar Climatiza\u00e7\u00e3o: Zero custo de aquisi\u00e7\u00e3o do equipamento. Zero custo com as manuten\u00e7\u00f5es preventivas e corretivas, pois j\u00e1 est\u00e3o inclusas dentro do PMOC devidamente assinado por t\u00e9cnico respons\u00e1vel com registro ativo. Sendo assim, o valor pago mensal j\u00e1 inclui o contrato de manuten\u00e7\u00e3o. N\u00e3o h\u00e1 custo com pe\u00e7as e m\u00e3o de obra. Sem burocracia para a aprova\u00e7\u00e3o. Atendimentos urgentes aos chamados em at\u00e9 24 horas. Esque\u00e7a passar dias no calor aguardando os processos burocr\u00e1ticos administrativos do modelo antigo (sem loca\u00e7\u00e3o): a m\u00e1quina quebrou. Precisa abrir chamado com uma empresa, aguardar atender, gerar or\u00e7amento, mandar para gestores aprovar, pedir pe\u00e7as e esperar chegar, \u00e0s vezes v\u00eam de outro estado ou munic\u00edpio, tempo de execu\u00e7\u00e3o do servi\u00e7o e tendo que pagar o contrato de manuten\u00e7\u00e3o mensal, fora as corretivas. N\u00e3o h\u00e1 desgaste nem sofrimento com o desgaste do equipamento de propriedade do cliente, que pode ser pessoa f\u00edsica ou jur\u00eddica, principalmente em regi\u00f5es salitradas onde a salinidade (que, por sinal, a cidade de Salvador possui um dos maiores \u00edndices de salinidade do planeta) faz com que as serpentinas, pe\u00e7as met\u00e1licas e placas eletr\u00f4nicas se deteriorem e corroam em menos de 1 ano. Economia de energia, pois a sujeira faz o equipamento aumentar consideravelmente o consumo de energia, principalmente se a sujeira estiver nas serpentinas. Foi cientificamente provado que mil\u00edmetros de sujeira criam resist\u00eancia \u00e0 efici\u00eancia do equipamento, bem como aumento consider\u00e1vel no consumo de energia. Zero custo de instala\u00e7\u00e3o caso haja tubula\u00e7\u00f5es preexistentes e onde n\u00e3o fa\u00e7a necess\u00e1rio o uso de material. O prazer de ter um atendimento de excel\u00eancia com quem \u00e9 especialista no que faz, forma t\u00e9cnicos para o mercado e um corpo t\u00e9cnico e administrativo de n\u00edvel elevad\u00edssimo, no padr\u00e3o da Oficina do Ar, qualidade em 1\u00b0 lugar , pois sabemos de onde viemos, quem somos e onde queremos chegar! Evita riscos de obsolesc\u00eancia tecnol\u00f3gica, uma vez que operamos com m\u00e1quinas modernas e atualizadas, bem como os fluidos refrigerantes de acordo com a legisla\u00e7\u00e3o vigente. Atendimento 6 dias por semana, incluindo domingos e feriados. \u00c9 assist\u00eancia t\u00e9cnica autorizada da maior parte dos melhores fabricantes do mundo, facilitando o estoque de pe\u00e7as e mais qualidade nos servi\u00e7os, por sermos treinados anualmente por dentro de todas as atualiza\u00e7\u00f5es dos fabricantes. Redigido por Diego Silva\" \/>\n<meta property=\"og:url\" content=\"https:\/\/oficinadoarclimatizacao.com\/index.php\/locacao\/\" \/>\n<meta property=\"og:site_name\" content=\"Oficina do Ar\" \/>\n<meta property=\"article:modified_time\" content=\"2024-01-26T07:13:50+00:00\" \/>\n<meta name=\"twitter:card\" content=\"summary_large_image\" \/>\n<meta name=\"twitter:label1\" content=\"Est. tempo de leitura\" \/>\n\t<meta name=\"twitter:data1\" content=\"2 minutos\" \/>\n<script type=\"application\/ld+json\" class=\"yoast-schema-graph\">{\"@context\":\"https:\/\/schema.org\",\"@graph\":[{\"@type\":\"WebPage\",\"@id\":\"https:\/\/oficinadoarclimatizacao.com\/index.php\/locacao\/\",\"url\":\"https:\/\/oficinadoarclimatizacao.com\/index.php\/locacao\/\",\"name\":\"Loca\u00e7\u00e3o - Oficina do Ar\",\"isPartOf\":{\"@id\":\"https:\/\/oficinadoarclimatizacao.com\/#website\"},\"datePublished\":\"2024-01-13T19:26:32+00:00\",\"dateModified\":\"2024-01-26T07:13:50+00:00\",\"breadcrumb\":{\"@id\":\"https:\/\/oficinadoarclimatizacao.com\/index.php\/locacao\/#breadcrumb\"},\"inLanguage\":\"pt-BR\",\"potentialAction\":[{\"@type\":\"ReadAction\",\"target\":[\"https:\/\/oficinadoarclimatizacao.com\/index.php\/locacao\/\"]}]},{\"@type\":\"BreadcrumbList\",\"@id\":\"https:\/\/oficinadoarclimatizacao.com\/index.php\/locacao\/#breadcrumb\",\"itemListElement\":[{\"@type\":\"ListItem\",\"position\":1,\"name\":\"In\u00edcio\",\"item\":\"https:\/\/oficinadoarclimatizacao.com\/\"},{\"@type\":\"ListItem\",\"position\":2,\"name\":\"Loca\u00e7\u00e3o\"}]},{\"@type\":\"WebSite\",\"@id\":\"https:\/\/oficinadoarclimatizacao.com\/#website\",\"url\":\"https:\/\/oficinadoarclimatizacao.com\/\",\"name\":\"Oficina do Ar\",\"description\":\"Criamos solu\u00e7\u00f5es em climatiza\u00e7\u00e3o transformando seus ambientes com inova\u00e7\u00e3o, conforto, qualidade e seguran\u00e7a\",\"publisher\":{\"@id\":\"https:\/\/oficinadoarclimatizacao.com\/#organization\"},\"potentialAction\":[{\"@type\":\"SearchAction\",\"target\":{\"@type\":\"EntryPoint\",\"urlTemplate\":\"https:\/\/oficinadoarclimatizacao.com\/?s={search_term_string}\"},\"query-input\":{\"@type\":\"PropertyValueSpecification\",\"valueRequired\":true,\"valueName\":\"search_term_string\"}}],\"inLanguage\":\"pt-BR\"},{\"@type\":\"Organization\",\"@id\":\"https:\/\/oficinadoarclimatizacao.com\/#organization\",\"name\":\"Oficina do Ar\",\"url\":\"https:\/\/oficinadoarclimatizacao.com\/\",\"logo\":{\"@type\":\"ImageObject\",\"inLanguage\":\"pt-BR\",\"@id\":\"https:\/\/oficinadoarclimatizacao.com\/#\/schema\/logo\/image\/\",\"url\":\"https:\/\/oficinadoarclimatizacao.com\/wp-content\/uploads\/2023\/06\/logo.png\",\"contentUrl\":\"https:\/\/oficinadoarclimatizacao.com\/wp-content\/uploads\/2023\/06\/logo.png\",\"width\":405,\"height\":119,\"caption\":\"Oficina do Ar\"},\"image\":{\"@id\":\"https:\/\/oficinadoarclimatizacao.com\/#\/schema\/logo\/image\/\"},\"sameAs\":[\"https:\/\/www.instagram.com\/oficinadoarclimatizacao\/\"]}]}<\/script>\n<!-- \/ Yoast SEO plugin. -->","yoast_head_json":{"title":"Loca\u00e7\u00e3o - Oficina do Ar","robots":{"index":"index","follow":"follow","max-snippet":"max-snippet:-1","max-image-preview":"max-image-preview:large","max-video-preview":"max-video-preview:-1"},"canonical":"https:\/\/oficinadoarclimatizacao.com\/index.php\/locacao\/","og_locale":"pt_BR","og_type":"article","og_title":"Loca\u00e7\u00e3o - Oficina do Ar","og_description":"Loca\u00e7\u00e3o Atuamos nos mais diversos cen\u00e1rios de clientes com aluguel de condicionadores de ar, trazendo solu\u00e7\u00f5es de climatiza\u00e7\u00e3o com o melhor custo-benef\u00edcio do mercado.Por isso, apresentamos aqui 13 raz\u00f5es e vantagens da loca\u00e7\u00e3o com a Oficina do Ar Climatiza\u00e7\u00e3o: Zero custo de aquisi\u00e7\u00e3o do equipamento. Zero custo com as manuten\u00e7\u00f5es preventivas e corretivas, pois j\u00e1 est\u00e3o inclusas dentro do PMOC devidamente assinado por t\u00e9cnico respons\u00e1vel com registro ativo. Sendo assim, o valor pago mensal j\u00e1 inclui o contrato de manuten\u00e7\u00e3o. N\u00e3o h\u00e1 custo com pe\u00e7as e m\u00e3o de obra. Sem burocracia para a aprova\u00e7\u00e3o. Atendimentos urgentes aos chamados em at\u00e9 24 horas. Esque\u00e7a passar dias no calor aguardando os processos burocr\u00e1ticos administrativos do modelo antigo (sem loca\u00e7\u00e3o): a m\u00e1quina quebrou. Precisa abrir chamado com uma empresa, aguardar atender, gerar or\u00e7amento, mandar para gestores aprovar, pedir pe\u00e7as e esperar chegar, \u00e0s vezes v\u00eam de outro estado ou munic\u00edpio, tempo de execu\u00e7\u00e3o do servi\u00e7o e tendo que pagar o contrato de manuten\u00e7\u00e3o mensal, fora as corretivas. N\u00e3o h\u00e1 desgaste nem sofrimento com o desgaste do equipamento de propriedade do cliente, que pode ser pessoa f\u00edsica ou jur\u00eddica, principalmente em regi\u00f5es salitradas onde a salinidade (que, por sinal, a cidade de Salvador possui um dos maiores \u00edndices de salinidade do planeta) faz com que as serpentinas, pe\u00e7as met\u00e1licas e placas eletr\u00f4nicas se deteriorem e corroam em menos de 1 ano. Economia de energia, pois a sujeira faz o equipamento aumentar consideravelmente o consumo de energia, principalmente se a sujeira estiver nas serpentinas. Foi cientificamente provado que mil\u00edmetros de sujeira criam resist\u00eancia \u00e0 efici\u00eancia do equipamento, bem como aumento consider\u00e1vel no consumo de energia. Zero custo de instala\u00e7\u00e3o caso haja tubula\u00e7\u00f5es preexistentes e onde n\u00e3o fa\u00e7a necess\u00e1rio o uso de material. O prazer de ter um atendimento de excel\u00eancia com quem \u00e9 especialista no que faz, forma t\u00e9cnicos para o mercado e um corpo t\u00e9cnico e administrativo de n\u00edvel elevad\u00edssimo, no padr\u00e3o da Oficina do Ar, qualidade em 1\u00b0 lugar , pois sabemos de onde viemos, quem somos e onde queremos chegar! Evita riscos de obsolesc\u00eancia tecnol\u00f3gica, uma vez que operamos com m\u00e1quinas modernas e atualizadas, bem como os fluidos refrigerantes de acordo com a legisla\u00e7\u00e3o vigente. Atendimento 6 dias por semana, incluindo domingos e feriados. \u00c9 assist\u00eancia t\u00e9cnica autorizada da maior parte dos melhores fabricantes do mundo, facilitando o estoque de pe\u00e7as e mais qualidade nos servi\u00e7os, por sermos treinados anualmente por dentro de todas as atualiza\u00e7\u00f5es dos fabricantes. Redigido por Diego Silva","og_url":"https:\/\/oficinadoarclimatizacao.com\/index.php\/locacao\/","og_site_name":"Oficina do Ar","article_modified_time":"2024-01-26T07:13:50+00:00","twitter_card":"summary_large_image","twitter_misc":{"Est. tempo de leitura":"2 minutos"},"schema":{"@context":"https:\/\/schema.org","@graph":[{"@type":"WebPage","@id":"https:\/\/oficinadoarclimatizacao.com\/index.php\/locacao\/","url":"https:\/\/oficinadoarclimatizacao.com\/index.php\/locacao\/","name":"Loca\u00e7\u00e3o - Oficina do Ar","isPartOf":{"@id":"https:\/\/oficinadoarclimatizacao.com\/#website"},"datePublished":"2024-01-13T19:26:32+00:00","dateModified":"2024-01-26T07:13:50+00:00","breadcrumb":{"@id":"https:\/\/oficinadoarclimatizacao.com\/index.php\/locacao\/#breadcrumb"},"inLanguage":"pt-BR","potentialAction":[{"@type":"ReadAction","target":["https:\/\/oficinadoarclimatizacao.com\/index.php\/locacao\/"]}]},{"@type":"BreadcrumbList","@id":"https:\/\/oficinadoarclimatizacao.com\/index.php\/locacao\/#breadcrumb","itemListElement":[{"@type":"ListItem","position":1,"name":"In\u00edcio","item":"https:\/\/oficinadoarclimatizacao.com\/"},{"@type":"ListItem","position":2,"name":"Loca\u00e7\u00e3o"}]},{"@type":"WebSite","@id":"https:\/\/oficinadoarclimatizacao.com\/#website","url":"https:\/\/oficinadoarclimatizacao.com\/","name":"Oficina do Ar","description":"Criamos solu\u00e7\u00f5es em climatiza\u00e7\u00e3o transformando seus ambientes com inova\u00e7\u00e3o, conforto, qualidade e seguran\u00e7a","publisher":{"@id":"https:\/\/oficinadoarclimatizacao.com\/#organization"},"potentialAction":[{"@type":"SearchAction","target":{"@type":"EntryPoint","urlTemplate":"https:\/\/oficinadoarclimatizacao.com\/?s={search_term_string}"},"query-input":{"@type":"PropertyValueSpecification","valueRequired":true,"valueName":"search_term_string"}}],"inLanguage":"pt-BR"},{"@type":"Organization","@id":"https:\/\/oficinadoarclimatizacao.com\/#organization","name":"Oficina do Ar","url":"https:\/\/oficinadoarclimatizacao.com\/","logo":{"@type":"ImageObject","inLanguage":"pt-BR","@id":"https:\/\/oficinadoarclimatizacao.com\/#\/schema\/logo\/image\/","url":"https:\/\/oficinadoarclimatizacao.com\/wp-content\/uploads\/2023\/06\/logo.png","contentUrl":"https:\/\/oficinadoarclimatizacao.com\/wp-content\/uploads\/2023\/06\/logo.png","width":405,"height":119,"caption":"Oficina do Ar"},"image":{"@id":"https:\/\/oficinadoarclimatizacao.com\/#\/schema\/logo\/image\/"},"sameAs":["https:\/\/www.instagram.com\/oficinadoarclimatizacao\/"]}]}},"_links":{"self":[{"href":"https:\/\/oficinadoarclimatizacao.com\/index.php\/wp-json\/wp\/v2\/pages\/1826","targetHints":{"allow":["GET"]}}],"collection":[{"href":"https:\/\/oficinadoarclimatizacao.com\/index.php\/wp-json\/wp\/v2\/pages"}],"about":[{"href":"https:\/\/oficinadoarclimatizacao.com\/index.php\/wp-json\/wp\/v2\/types\/page"}],"author":[{"embeddable":true,"href":"https:\/\/oficinadoarclimatizacao.com\/index.php\/wp-json\/wp\/v2\/users\/3"}],"replies":[{"embeddable":true,"href":"https:\/\/oficinadoarclimatizacao.com\/index.php\/wp-json\/wp\/v2\/comments?post=1826"}],"version-history":[{"count":0,"href":"https:\/\/oficinadoarclimatizacao.com\/index.php\/wp-json\/wp\/v2\/pages\/1826\/revisions"}],"wp:attachment":[{"href":"https:\/\/oficinadoarclimatizacao.com\/index.php\/wp-json\/wp\/v2\/media?parent=1826"}],"curies":[{"name":"wp","href":"https:\/\/api.w.org\/{rel}","templated":true}]}}